{"id":1864,"date":"2023-12-19T14:40:53","date_gmt":"2023-12-19T13:40:53","guid":{"rendered":"https:\/\/mothersqueendom.com\/?post_type=product&#038;p=1864"},"modified":"2025-01-21T12:42:33","modified_gmt":"2025-01-21T11:42:33","slug":"ksiazka-ja-mongolka-opowiesc-wojowniczki","status":"publish","type":"product","link":"https:\/\/mothersqueendom.com\/en\/produkt\/ksiazka-ja-mongolka-opowiesc-wojowniczki\/","title":{"rendered":"Ksi\u0105\u017cka &#8220;Ja, Mongo\u0142ka. Opowie\u015b\u0107 Wojowniczki&#8221;"},"content":{"rendered":"<p>Jedna z ksi\u0105\u017cek wydana w ramach projektu Ambasada Kobiet Quiosque: Ja, Mongo\u0142ka. Opowie\u015b\u0107 Wojowniczki napisana przez Uyang\u0119 Bayarkhuu.<\/p>\n<p>Ambasada Kobiet Quiosque &#8211; wyj\u0105tkowy projekt nale\u017c\u0105cej do Grupy Kapita\u0142owej Immobile marki modowej Quiosque, przedstawiaj\u0105cy \u017cycie kobiet z r\u00f3\u017cnych stron \u015bwiata. Ma na celu pokazanie, \u017ce mimo r\u00f3\u017cnic wynikaj\u0105cej chocia\u017cby z miejsca zamieszania &#8211; w my\u015bl has\u0142a marki: &#8220;Jeste\u015bmy r\u00f3\u017cne, jeste\u015bmy pi\u0119kne&#8221; &#8211; kobiety na \u015bwiecie wi\u0119cej \u0142\u0105czy, ni\u017c dzieli.<\/p>\n","protected":false},"excerpt":{"rendered":"<p style=\"text-align: left;\">Opis od redaktora: Marcina Kowalskiego.<\/p>\n<p style=\"text-align: left;\">Z ksi\u0105\u017cki Uyangi Bayarkhuu dowiesz si\u0119 wielu fascynuj\u0105cych rzeczy o jednym z najciekawszych kraj\u00f3w na \u015bwiecie \u2013 o Mongolii. Zobaczysz jak wiele nas r\u00f3\u017cni, ale te\u017c jak zaskakuj\u0105co du\u017co \u0142\u0105czy.<br \/>\nOpowie\u015bci autorki to niezwykle barwne obrazy niepowtarzalnych miejsc i ludzi, osobiste prze\u017cycia, cz\u0119sto trudne, jakie towarzyszy\u0142y mongolskiej dziewczynce dorastaj\u0105cej mi\u0119dzy jurtami w U\u0142an Bator, a blokowiskiem w Tomaszowie Mazowieckim.<br \/>\nUyanga, jak na blisk\u0105 krewn\u0105 samego Czyngis-chana przysta\u0142o, ma natur\u0119 wojowniczki. I dzieli si\u0119 swoim ma\u0142ym i wielkim codziennym wojowaniem w spos\u00f3b literacko dojrza\u0142y, oryginalny, wci\u0105gaj\u0105cy.<\/p>\n","protected":false},"featured_media":1865,"comment_status":"open","ping_status":"closed","template":"","meta":{"_et_pb_use_builder":"","_et_pb_old_content":"","_et_gb_content_width":"","_exactmetrics_skip_tracking":false,"_exactmetrics_sitenote_active":false,"_exactmetrics_sitenote_note":"","_exactmetrics_sitenote_category":0},"product_brand":[],"product_cat":[165],"product_tag":[162,161,163,164],"class_list":{"0":"post-1864","1":"product","2":"type-product","3":"status-publish","4":"has-post-thumbnail","6":"product_cat-ksiazki","7":"product_tag-ja-mongolka","8":"product_tag-ksiazka","9":"product_tag-opowiesc","10":"product_tag-wojowniczki","11":"product_shipping_class-mala-paczka","13":"first","14":"instock","15":"taxable","16":"shipping-taxable","17":"purchasable","18":"product-type-simple"},"yoast_head":"<!-- This site is optimized with the Yoast SEO plugin v26.8 - https:\/\/yoast.com\/product\/yoast-seo-wordpress\/ -->\n<title>Ksi\u0105\u017cka &quot;Ja, Mongo\u0142ka. Opowie\u015b\u0107 Wojowniczki&quot; - Mother&#039;s Queendom<\/title>\n<meta name=\"description\" content=\"Z ksi\u0105\u017cki Uyangi Bayarkhuu dowiesz si\u0119 wielu fascynuj\u0105cych rzeczy o jednym z najciekawszych kraj\u00f3w na \u015bwiecie \u2013 o Mongolii.\" \/>\n<meta name=\"robots\" content=\"index, follow, max-snippet:-1, max-image-preview:large, max-video-preview:-1\" \/>\n<link rel=\"canonical\" href=\"https:\/\/mothersqueendom.com\/en\/produkt\/ksiazka-ja-mongolka-opowiesc-wojowniczki\/\" \/>\n<meta property=\"og:locale\" content=\"en_US\" \/>\n<meta property=\"og:type\" content=\"article\" \/>\n<meta property=\"og:title\" content=\"Ksi\u0105\u017cka &quot;Ja, Mongo\u0142ka. Opowie\u015b\u0107 Wojowniczki&quot; - Mother&#039;s Queendom\" \/>\n<meta property=\"og:description\" content=\"Z ksi\u0105\u017cki Uyangi Bayarkhuu dowiesz si\u0119 wielu fascynuj\u0105cych rzeczy o jednym z najciekawszych kraj\u00f3w na \u015bwiecie \u2013 o Mongolii.\" \/>\n<meta property=\"og:url\" content=\"https:\/\/mothersqueendom.com\/en\/produkt\/ksiazka-ja-mongolka-opowiesc-wojowniczki\/\" \/>\n<meta property=\"og:site_name\" content=\"Mother&#039;s Queendom\" \/>\n<meta property=\"article:modified_time\" content=\"2025-01-21T11:42:33+00:00\" \/>\n<meta property=\"og:image\" content=\"https:\/\/mothersqueendom.com\/wp-content\/uploads\/2023\/12\/1.jpg\" \/>\n\t<meta property=\"og:image:width\" content=\"1365\" \/>\n\t<meta property=\"og:image:height\" content=\"2048\" \/>\n\t<meta property=\"og:image:type\" content=\"image\/jpeg\" \/>\n<meta name=\"twitter:card\" content=\"summary_large_image\" \/>\n<meta name=\"twitter:label1\" content=\"Est. reading time\" \/>\n\t<meta name=\"twitter:data1\" content=\"1 minute\" \/>\n<script type=\"application\/ld+json\" class=\"yoast-schema-graph\">{\"@context\":\"https:\/\/schema.org\",\"@graph\":[{\"@type\":\"WebPage\",\"@id\":\"https:\/\/mothersqueendom.com\/en\/produkt\/ksiazka-ja-mongolka-opowiesc-wojowniczki\/\",\"url\":\"https:\/\/mothersqueendom.com\/en\/produkt\/ksiazka-ja-mongolka-opowiesc-wojowniczki\/\",\"name\":\"Ksi\u0105\u017cka \\\"Ja, Mongo\u0142ka. Opowie\u015b\u0107 Wojowniczki\\\" - Mother&#039;s Queendom\",\"isPartOf\":{\"@id\":\"https:\/\/mothersqueendom.com\/en\/#website\"},\"primaryImageOfPage\":{\"@id\":\"https:\/\/mothersqueendom.com\/en\/produkt\/ksiazka-ja-mongolka-opowiesc-wojowniczki\/#primaryimage\"},\"image\":{\"@id\":\"https:\/\/mothersqueendom.com\/en\/produkt\/ksiazka-ja-mongolka-opowiesc-wojowniczki\/#primaryimage\"},\"thumbnailUrl\":\"https:\/\/mothersqueendom.com\/wp-content\/uploads\/2023\/12\/1.jpg\",\"datePublished\":\"2023-12-19T13:40:53+00:00\",\"dateModified\":\"2025-01-21T11:42:33+00:00\",\"description\":\"Z ksi\u0105\u017cki Uyangi Bayarkhuu dowiesz si\u0119 wielu fascynuj\u0105cych rzeczy o jednym z najciekawszych kraj\u00f3w na \u015bwiecie \u2013 o Mongolii.\",\"breadcrumb\":{\"@id\":\"https:\/\/mothersqueendom.com\/en\/produkt\/ksiazka-ja-mongolka-opowiesc-wojowniczki\/#breadcrumb\"},\"inLanguage\":\"en-US\",\"potentialAction\":[{\"@type\":\"ReadAction\",\"target\":[\"https:\/\/mothersqueendom.com\/en\/produkt\/ksiazka-ja-mongolka-opowiesc-wojowniczki\/\"]}]},{\"@type\":\"ImageObject\",\"inLanguage\":\"en-US\",\"@id\":\"https:\/\/mothersqueendom.com\/en\/produkt\/ksiazka-ja-mongolka-opowiesc-wojowniczki\/#primaryimage\",\"url\":\"https:\/\/mothersqueendom.com\/wp-content\/uploads\/2023\/12\/1.jpg\",\"contentUrl\":\"https:\/\/mothersqueendom.com\/wp-content\/uploads\/2023\/12\/1.jpg\",\"width\":1365,\"height\":2048,\"caption\":\"Ja-Mongolka-Opowiesc-Wojowniczki-Uyanga-Bayarkhuu\"},{\"@type\":\"BreadcrumbList\",\"@id\":\"https:\/\/mothersqueendom.com\/en\/produkt\/ksiazka-ja-mongolka-opowiesc-wojowniczki\/#breadcrumb\",\"itemListElement\":[{\"@type\":\"ListItem\",\"position\":1,\"name\":\"Strona g\u0142\u00f3wna\",\"item\":\"https:\/\/mothersqueendom.com\/en\/home\/\"},{\"@type\":\"ListItem\",\"position\":2,\"name\":\"Sklep\",\"item\":\"https:\/\/mothersqueendom.com\/sklep\/\"},{\"@type\":\"ListItem\",\"position\":3,\"name\":\"Ksi\u0105\u017cka &#8220;Ja, Mongo\u0142ka. Opowie\u015b\u0107 Wojowniczki&#8221;\"}]},{\"@type\":\"WebSite\",\"@id\":\"https:\/\/mothersqueendom.com\/en\/#website\",\"url\":\"https:\/\/mothersqueendom.com\/en\/\",\"name\":\"Mother&#039;s Queendom\",\"description\":\"We all create our queendom. You are welcomed to my...\",\"potentialAction\":[{\"@type\":\"SearchAction\",\"target\":{\"@type\":\"EntryPoint\",\"urlTemplate\":\"https:\/\/mothersqueendom.com\/en\/?s={search_term_string}\"},\"query-input\":{\"@type\":\"PropertyValueSpecification\",\"valueRequired\":true,\"valueName\":\"search_term_string\"}}],\"inLanguage\":\"en-US\"}]}<\/script>\n<!-- \/ Yoast SEO plugin. -->","yoast_head_json":{"title":"Ksi\u0105\u017cka \"Ja, Mongo\u0142ka. Opowie\u015b\u0107 Wojowniczki\" - Mother&#039;s Queendom","description":"Z ksi\u0105\u017cki Uyangi Bayarkhuu dowiesz si\u0119 wielu fascynuj\u0105cych rzeczy o jednym z najciekawszych kraj\u00f3w na \u015bwiecie \u2013 o Mongolii.","robots":{"index":"index","follow":"follow","max-snippet":"max-snippet:-1","max-image-preview":"max-image-preview:large","max-video-preview":"max-video-preview:-1"},"canonical":"https:\/\/mothersqueendom.com\/en\/produkt\/ksiazka-ja-mongolka-opowiesc-wojowniczki\/","og_locale":"en_US","og_type":"article","og_title":"Ksi\u0105\u017cka \"Ja, Mongo\u0142ka. Opowie\u015b\u0107 Wojowniczki\" - Mother&#039;s Queendom","og_description":"Z ksi\u0105\u017cki Uyangi Bayarkhuu dowiesz si\u0119 wielu fascynuj\u0105cych rzeczy o jednym z najciekawszych kraj\u00f3w na \u015bwiecie \u2013 o Mongolii.","og_url":"https:\/\/mothersqueendom.com\/en\/produkt\/ksiazka-ja-mongolka-opowiesc-wojowniczki\/","og_site_name":"Mother&#039;s Queendom","article_modified_time":"2025-01-21T11:42:33+00:00","og_image":[{"width":1365,"height":2048,"url":"https:\/\/mothersqueendom.com\/wp-content\/uploads\/2023\/12\/1.jpg","type":"image\/jpeg"}],"twitter_card":"summary_large_image","twitter_misc":{"Est. reading time":"1 minute"},"schema":{"@context":"https:\/\/schema.org","@graph":[{"@type":"WebPage","@id":"https:\/\/mothersqueendom.com\/en\/produkt\/ksiazka-ja-mongolka-opowiesc-wojowniczki\/","url":"https:\/\/mothersqueendom.com\/en\/produkt\/ksiazka-ja-mongolka-opowiesc-wojowniczki\/","name":"Ksi\u0105\u017cka \"Ja, Mongo\u0142ka. Opowie\u015b\u0107 Wojowniczki\" - Mother&#039;s Queendom","isPartOf":{"@id":"https:\/\/mothersqueendom.com\/en\/#website"},"primaryImageOfPage":{"@id":"https:\/\/mothersqueendom.com\/en\/produkt\/ksiazka-ja-mongolka-opowiesc-wojowniczki\/#primaryimage"},"image":{"@id":"https:\/\/mothersqueendom.com\/en\/produkt\/ksiazka-ja-mongolka-opowiesc-wojowniczki\/#primaryimage"},"thumbnailUrl":"https:\/\/mothersqueendom.com\/wp-content\/uploads\/2023\/12\/1.jpg","datePublished":"2023-12-19T13:40:53+00:00","dateModified":"2025-01-21T11:42:33+00:00","description":"Z ksi\u0105\u017cki Uyangi Bayarkhuu dowiesz si\u0119 wielu fascynuj\u0105cych rzeczy o jednym z najciekawszych kraj\u00f3w na \u015bwiecie \u2013 o Mongolii.","breadcrumb":{"@id":"https:\/\/mothersqueendom.com\/en\/produkt\/ksiazka-ja-mongolka-opowiesc-wojowniczki\/#breadcrumb"},"inLanguage":"en-US","potentialAction":[{"@type":"ReadAction","target":["https:\/\/mothersqueendom.com\/en\/produkt\/ksiazka-ja-mongolka-opowiesc-wojowniczki\/"]}]},{"@type":"ImageObject","inLanguage":"en-US","@id":"https:\/\/mothersqueendom.com\/en\/produkt\/ksiazka-ja-mongolka-opowiesc-wojowniczki\/#primaryimage","url":"https:\/\/mothersqueendom.com\/wp-content\/uploads\/2023\/12\/1.jpg","contentUrl":"https:\/\/mothersqueendom.com\/wp-content\/uploads\/2023\/12\/1.jpg","width":1365,"height":2048,"caption":"Ja-Mongolka-Opowiesc-Wojowniczki-Uyanga-Bayarkhuu"},{"@type":"BreadcrumbList","@id":"https:\/\/mothersqueendom.com\/en\/produkt\/ksiazka-ja-mongolka-opowiesc-wojowniczki\/#breadcrumb","itemListElement":[{"@type":"ListItem","position":1,"name":"Strona g\u0142\u00f3wna","item":"https:\/\/mothersqueendom.com\/en\/home\/"},{"@type":"ListItem","position":2,"name":"Sklep","item":"https:\/\/mothersqueendom.com\/sklep\/"},{"@type":"ListItem","position":3,"name":"Ksi\u0105\u017cka &#8220;Ja, Mongo\u0142ka. Opowie\u015b\u0107 Wojowniczki&#8221;"}]},{"@type":"WebSite","@id":"https:\/\/mothersqueendom.com\/en\/#website","url":"https:\/\/mothersqueendom.com\/en\/","name":"Mother&#039;s Queendom","description":"We all create our queendom. You are welcomed to my...","potentialAction":[{"@type":"SearchAction","target":{"@type":"EntryPoint","urlTemplate":"https:\/\/mothersqueendom.com\/en\/?s={search_term_string}"},"query-input":{"@type":"PropertyValueSpecification","valueRequired":true,"valueName":"search_term_string"}}],"inLanguage":"en-US"}]}},"_links":{"self":[{"href":"https:\/\/mothersqueendom.com\/en\/wp-json\/wp\/v2\/product\/1864","targetHints":{"allow":["GET"]}}],"collection":[{"href":"https:\/\/mothersqueendom.com\/en\/wp-json\/wp\/v2\/product"}],"about":[{"href":"https:\/\/mothersqueendom.com\/en\/wp-json\/wp\/v2\/types\/product"}],"replies":[{"embeddable":true,"href":"https:\/\/mothersqueendom.com\/en\/wp-json\/wp\/v2\/comments?post=1864"}],"wp:featuredmedia":[{"embeddable":true,"href":"https:\/\/mothersqueendom.com\/en\/wp-json\/wp\/v2\/media\/1865"}],"wp:attachment":[{"href":"https:\/\/mothersqueendom.com\/en\/wp-json\/wp\/v2\/media?parent=1864"}],"wp:term":[{"taxonomy":"product_brand","embeddable":true,"href":"https:\/\/mothersqueendom.com\/en\/wp-json\/wp\/v2\/product_brand?post=1864"},{"taxonomy":"product_cat","embeddable":true,"href":"https:\/\/mothersqueendom.com\/en\/wp-json\/wp\/v2\/product_cat?post=1864"},{"taxonomy":"product_tag","embeddable":true,"href":"https:\/\/mothersqueendom.com\/en\/wp-json\/wp\/v2\/product_tag?post=1864"}],"curies":[{"name":"wp","href":"https:\/\/api.w.org\/{rel}","templated":true}]}}