{"id":1802,"date":"2022-11-25T12:34:12","date_gmt":"2022-11-25T11:34:12","guid":{"rendered":"https:\/\/mothersqueendom.com\/?post_type=product&#038;p=1802"},"modified":"2023-12-19T16:05:02","modified_gmt":"2023-12-19T15:05:02","slug":"kalendarz-butterflies-2024","status":"publish","type":"product","link":"https:\/\/mothersqueendom.com\/en\/produkt\/kalendarz-butterflies-2024\/","title":{"rendered":"Kalendarz Butterflies 2024 by Andrzej Opoka"},"content":{"rendered":"<div class=\"row\">\n<div class=\"col\">\n<h2 class=\"text-left\">Niczym s\u0142ynny Pirelli<\/h2>\n<\/div>\n<\/div>\n<div class=\"row mt-3\">\n<div class=\"col\">Kultowy Kalendarz Butterflies wydawany jest przez fotografa Andrzeja Opok\u0119 od ponad 20 lat. Co roku w bardzo ograniczonym nak\u0142adzie trafia do w\u0105skiego grona klient\u00f3w i znajomych fotografa. Tak jak s\u0142ynny Kalendarz Pirelli, nigdzie nie jest dost\u0119pny do szerokiej sprzeda\u017cy, jednak z racji mojego udzia\u0142u w projekcie ? mam kilka egzemplarzy dla Was ?<\/div>\n<p>Kalendarz jest\u00a0<strong>zachwycaj\u0105co ogromny (ok. 70 x 50 cm) i naprawd\u0119 robi wra\u017cenie<\/strong>. Zdj\u0119cia kobiet zawsze by\u0142y estetyczne, zmys\u0142owe, niczym dzie\u0142a sztuki. Wiele modelek i kobiet marzy by znale\u017a\u0107 si\u0119 w kalendarzu Andrzeja Opoki, bo potrafi on wydoby\u0107 ukryte, naturalne pi\u0119kno ka\u017cdej kobiety. I tym razem te\u017c tak jest. \u00a0Kalendarz spokojnie mo\u017ce pos\u0142u\u017cy\u0107 jako obraz na \u015bcian\u0119 lub jako prezent (gdy\u017c pakowany jest\u00a0w ekskluzywn\u0105 kopert\u0119).<\/p>\n<p><img loading=\"lazy\" decoding=\"async\" class=\"alignnone size-full wp-image-1176\" src=\"https:\/\/mothersqueendom.com\/wp-content\/uploads\/2021\/08\/opakowanie-kalendarz.jpg\" alt=\"opakowanie kalendarz-butterflies-andrzej-opoka\" width=\"246\" height=\"125\" \/><\/p>\n<\/div>\n","protected":false},"excerpt":{"rendered":"<p>Kultowy Kalendarz Butterflies wydawany jest przez fotografa Andrzeja Opok\u0119 od ponad 20 lat.<\/p>\n<p>Co roku w bardzo ograniczonym nak\u0142adzie trafia do w\u0105skiego grona klient\u00f3w i znajomych fotografa. Tak jak s\u0142ynny Kalendarz Pirelli, nigdzie nie jest dost\u0119pny do szerokiej sprzeda\u017cy, jednak z racji naszego udzia\u0142u w projekcie od lat ? mamy kilka egzemplarzy dla Was ?<\/p>\n<h5>Du\u017ce ilo\u015bci zam\u00f3wie\u0144:<\/h5>\n<p>Na maila: <a href=\"mailto:uyanga@mothersqueendom.com\">uyanga@mothersqueendom.com<\/a> mo\u017cna zam\u00f3wi\u0107 wi\u0119ksze ilo\u015bci z du\u017cym rabatem i\/lub personalizacj\u0105 dla firm i organizacji.<\/p>\n","protected":false},"featured_media":1803,"comment_status":"open","ping_status":"closed","template":"","meta":{"_et_pb_use_builder":"off","_et_pb_old_content":"<div class=\"row\">\r\n<div class=\"col\">\r\n<h2 class=\"text-left\">Niczym s\u0142ynny Pirelli<\/h2>\r\n<\/div>\r\n<\/div>\r\n<div class=\"row mt-3\">\r\n<div class=\"col\">\r\n\r\nKultowy Kalendarz Butterflies wydawany jest przez fotografa Andrzeja Opok\u0119 od ponad 20 lat. Co roku w bardzo ograniczonym nak\u0142adzie trafia do w\u0105skiego grona klient\u00f3w i znajomych fotografa. Tak jak s\u0142ynny Kalendarz Pirelli, nigdzie nie jest dost\u0119pny do szerokiej sprzeda\u017cy, jednak z racji mojego udzia\u0142u w projekcie \ud83d\ude09 mam kilka egzemplarzy dla Was \ud83d\ude09\r\n\r\n<\/div>\r\nKalendarz jest\u00a0<strong>zachwycaj\u0105co ogromny (ok. 70 x 50 cm) i naprawd\u0119 robi wra\u017cenie<\/strong>.\u00a0Zdj\u0119cia kobiet zawsze by\u0142y estetyczne, zmys\u0142owe, niczym dzie\u0142a sztuki. Wiele modelek i kobiet marzy by znale\u017a\u0107 si\u0119 w kalendarzu Andrzeja Opoki, bo potrafi on wydoby\u0107\u00a0ukryte, naturalne pi\u0119kno ka\u017cdej kobiety. I tym razem te\u017c tak jest.\r\n\r\n<img class=\"alignnone size-full wp-image-1176\" src=\"https:\/\/mothersqueendom.com\/wp-content\/uploads\/2021\/08\/opakowanie-kalendarz.jpg\" alt=\"opakowanie kalendarz-butterflies-andrzej-opoka\" width=\"246\" height=\"125\" \/>\r\n\r\nKalendarz spokojnie mo\u017ce pos\u0142u\u017cy\u0107 jako obraz na \u015bcian\u0119 lub jako prezent (gdy\u017c pakowany jest\u00a0w ekskluzywn\u0105 kopert\u0119).\r\n<h5>Du\u017ce ilo\u015bci zam\u00f3wie\u0144:<\/h5>\r\nNa maila: <a href=\"mailto:uyanga@mothersqueendom.com\">uyanga@mothersqueendom.com<\/a> mo\u017cna zam\u00f3wi\u0107 wi\u0119ksze ilo\u015bci z du\u017cym rabatem i\/lub personalizacj\u0105 dla firm i organizacji.\r\n\r\n<\/div>","_et_gb_content_width":"","_exactmetrics_skip_tracking":false,"_exactmetrics_sitenote_active":false,"_exactmetrics_sitenote_note":"","_exactmetrics_sitenote_category":0},"product_brand":[],"product_cat":[120],"product_tag":[124,121,122,123,126,125],"class_list":{"0":"post-1802","1":"product","2":"type-product","3":"status-publish","4":"has-post-thumbnail","6":"product_cat-kalendarze-butterflies","7":"product_tag-andrzej-opoka","8":"product_tag-kalendarz","9":"product_tag-kalendarz-butterflies","10":"product_tag-kalendarz-opoka","11":"product_tag-kalendarz-sensual","12":"product_tag-opoka-studio","13":"product_shipping_class-duza-paczka","15":"first","16":"instock","17":"sale","18":"taxable","19":"shipping-taxable","20":"purchasable","21":"product-type-simple"},"yoast_head":"<!-- This site is optimized with the Yoast SEO plugin v26.8 - https:\/\/yoast.com\/product\/yoast-seo-wordpress\/ -->\n<title>Kalendarz Butterflies 2024 by Andrzej Opoka - Mother&#039;s Queendom<\/title>\n<meta name=\"description\" content=\"Kultowy Kalendarz Butterflies wydawany przez fotografa Andrzeja Opok\u0119 od ponad 20 lat. Pi\u0119kne kobiety, mistrzowski styl i gustowne wykonanie kalendarza!\" \/>\n<meta name=\"robots\" content=\"index, follow, max-snippet:-1, max-image-preview:large, max-video-preview:-1\" \/>\n<link rel=\"canonical\" href=\"https:\/\/mothersqueendom.com\/en\/produkt\/kalendarz-butterflies-2024\/\" \/>\n<meta property=\"og:locale\" content=\"en_US\" \/>\n<meta property=\"og:type\" content=\"article\" \/>\n<meta property=\"og:title\" content=\"Kalendarz Butterflies 2023\" \/>\n<meta property=\"og:description\" content=\"Kultowy Kalendarz Butterflies wydawany od ponad 20 lat. Pi\u0119kne kobiety, mistrzowski styl i imponuj\u0105cy rozmiar oraz wykonanie kalendarza!\" \/>\n<meta property=\"og:url\" content=\"https:\/\/mothersqueendom.com\/en\/produkt\/kalendarz-butterflies-2024\/\" \/>\n<meta property=\"og:site_name\" content=\"Mother&#039;s Queendom\" \/>\n<meta property=\"article:modified_time\" content=\"2023-12-19T15:05:02+00:00\" \/>\n<meta property=\"og:image\" content=\"https:\/\/mothersqueendom.com\/wp-content\/uploads\/2022\/11\/kalendarz-butterflies-2023-blacks.jpg\" \/>\n\t<meta property=\"og:image:width\" content=\"1944\" \/>\n\t<meta property=\"og:image:height\" content=\"1292\" \/>\n\t<meta property=\"og:image:type\" content=\"image\/jpeg\" \/>\n<meta name=\"twitter:card\" content=\"summary_large_image\" \/>\n<meta name=\"twitter:title\" content=\"Kalendarz Butterflies 2023\" \/>\n<meta name=\"twitter:description\" content=\"Kultowy Kalendarz Butterflies wydawany od ponad 20 lat. Pi\u0119kne kobiety, mistrzowski styl i imponuj\u0105cy rozmiar oraz wykonanie kalendarza!\" \/>\n<meta name=\"twitter:image\" content=\"https:\/\/mothersqueendom.com\/wp-content\/uploads\/2022\/11\/kalendarz-butterflies-2023-blacks.jpg\" \/>\n<meta name=\"twitter:label1\" content=\"Est. reading time\" \/>\n\t<meta name=\"twitter:data1\" content=\"1 minute\" \/>\n<script type=\"application\/ld+json\" class=\"yoast-schema-graph\">{\"@context\":\"https:\/\/schema.org\",\"@graph\":[{\"@type\":\"WebPage\",\"@id\":\"https:\/\/mothersqueendom.com\/en\/produkt\/kalendarz-butterflies-2024\/\",\"url\":\"https:\/\/mothersqueendom.com\/en\/produkt\/kalendarz-butterflies-2024\/\",\"name\":\"Kalendarz Butterflies 2024 by Andrzej Opoka - Mother&#039;s Queendom\",\"isPartOf\":{\"@id\":\"https:\/\/mothersqueendom.com\/en\/#website\"},\"primaryImageOfPage\":{\"@id\":\"https:\/\/mothersqueendom.com\/en\/produkt\/kalendarz-butterflies-2024\/#primaryimage\"},\"image\":{\"@id\":\"https:\/\/mothersqueendom.com\/en\/produkt\/kalendarz-butterflies-2024\/#primaryimage\"},\"thumbnailUrl\":\"https:\/\/mothersqueendom.com\/wp-content\/uploads\/2022\/11\/kalendarz-butterflies-2023.jpg\",\"datePublished\":\"2022-11-25T11:34:12+00:00\",\"dateModified\":\"2023-12-19T15:05:02+00:00\",\"description\":\"Kultowy Kalendarz Butterflies wydawany przez fotografa Andrzeja Opok\u0119 od ponad 20 lat. Pi\u0119kne kobiety, mistrzowski styl i gustowne wykonanie kalendarza!\",\"breadcrumb\":{\"@id\":\"https:\/\/mothersqueendom.com\/en\/produkt\/kalendarz-butterflies-2024\/#breadcrumb\"},\"inLanguage\":\"en-US\",\"potentialAction\":[{\"@type\":\"ReadAction\",\"target\":[\"https:\/\/mothersqueendom.com\/en\/produkt\/kalendarz-butterflies-2024\/\"]}]},{\"@type\":\"ImageObject\",\"inLanguage\":\"en-US\",\"@id\":\"https:\/\/mothersqueendom.com\/en\/produkt\/kalendarz-butterflies-2024\/#primaryimage\",\"url\":\"https:\/\/mothersqueendom.com\/wp-content\/uploads\/2022\/11\/kalendarz-butterflies-2023.jpg\",\"contentUrl\":\"https:\/\/mothersqueendom.com\/wp-content\/uploads\/2022\/11\/kalendarz-butterflies-2023.jpg\",\"width\":1988,\"height\":1280,\"caption\":\"kalendarz-butterflies-2023\"},{\"@type\":\"BreadcrumbList\",\"@id\":\"https:\/\/mothersqueendom.com\/en\/produkt\/kalendarz-butterflies-2024\/#breadcrumb\",\"itemListElement\":[{\"@type\":\"ListItem\",\"position\":1,\"name\":\"Strona g\u0142\u00f3wna\",\"item\":\"https:\/\/mothersqueendom.com\/en\/home\/\"},{\"@type\":\"ListItem\",\"position\":2,\"name\":\"Sklep\",\"item\":\"https:\/\/mothersqueendom.com\/sklep\/\"},{\"@type\":\"ListItem\",\"position\":3,\"name\":\"Kalendarz Butterflies 2024 by Andrzej Opoka\"}]},{\"@type\":\"WebSite\",\"@id\":\"https:\/\/mothersqueendom.com\/en\/#website\",\"url\":\"https:\/\/mothersqueendom.com\/en\/\",\"name\":\"Mother&#039;s Queendom\",\"description\":\"We all create our queendom. You are welcomed to my...\",\"potentialAction\":[{\"@type\":\"SearchAction\",\"target\":{\"@type\":\"EntryPoint\",\"urlTemplate\":\"https:\/\/mothersqueendom.com\/en\/?s={search_term_string}\"},\"query-input\":{\"@type\":\"PropertyValueSpecification\",\"valueRequired\":true,\"valueName\":\"search_term_string\"}}],\"inLanguage\":\"en-US\"}]}<\/script>\n<!-- \/ Yoast SEO plugin. -->","yoast_head_json":{"title":"Kalendarz Butterflies 2024 by Andrzej Opoka - Mother&#039;s Queendom","description":"Kultowy Kalendarz Butterflies wydawany przez fotografa Andrzeja Opok\u0119 od ponad 20 lat. Pi\u0119kne kobiety, mistrzowski styl i gustowne wykonanie kalendarza!","robots":{"index":"index","follow":"follow","max-snippet":"max-snippet:-1","max-image-preview":"max-image-preview:large","max-video-preview":"max-video-preview:-1"},"canonical":"https:\/\/mothersqueendom.com\/en\/produkt\/kalendarz-butterflies-2024\/","og_locale":"en_US","og_type":"article","og_title":"Kalendarz Butterflies 2023","og_description":"Kultowy Kalendarz Butterflies wydawany od ponad 20 lat. Pi\u0119kne kobiety, mistrzowski styl i imponuj\u0105cy rozmiar oraz wykonanie kalendarza!","og_url":"https:\/\/mothersqueendom.com\/en\/produkt\/kalendarz-butterflies-2024\/","og_site_name":"Mother&#039;s Queendom","article_modified_time":"2023-12-19T15:05:02+00:00","og_image":[{"width":1944,"height":1292,"url":"https:\/\/mothersqueendom.com\/wp-content\/uploads\/2022\/11\/kalendarz-butterflies-2023-blacks.jpg","type":"image\/jpeg"}],"twitter_card":"summary_large_image","twitter_title":"Kalendarz Butterflies 2023","twitter_description":"Kultowy Kalendarz Butterflies wydawany od ponad 20 lat. Pi\u0119kne kobiety, mistrzowski styl i imponuj\u0105cy rozmiar oraz wykonanie kalendarza!","twitter_image":"https:\/\/mothersqueendom.com\/wp-content\/uploads\/2022\/11\/kalendarz-butterflies-2023-blacks.jpg","twitter_misc":{"Est. reading time":"1 minute"},"schema":{"@context":"https:\/\/schema.org","@graph":[{"@type":"WebPage","@id":"https:\/\/mothersqueendom.com\/en\/produkt\/kalendarz-butterflies-2024\/","url":"https:\/\/mothersqueendom.com\/en\/produkt\/kalendarz-butterflies-2024\/","name":"Kalendarz Butterflies 2024 by Andrzej Opoka - Mother&#039;s Queendom","isPartOf":{"@id":"https:\/\/mothersqueendom.com\/en\/#website"},"primaryImageOfPage":{"@id":"https:\/\/mothersqueendom.com\/en\/produkt\/kalendarz-butterflies-2024\/#primaryimage"},"image":{"@id":"https:\/\/mothersqueendom.com\/en\/produkt\/kalendarz-butterflies-2024\/#primaryimage"},"thumbnailUrl":"https:\/\/mothersqueendom.com\/wp-content\/uploads\/2022\/11\/kalendarz-butterflies-2023.jpg","datePublished":"2022-11-25T11:34:12+00:00","dateModified":"2023-12-19T15:05:02+00:00","description":"Kultowy Kalendarz Butterflies wydawany przez fotografa Andrzeja Opok\u0119 od ponad 20 lat. Pi\u0119kne kobiety, mistrzowski styl i gustowne wykonanie kalendarza!","breadcrumb":{"@id":"https:\/\/mothersqueendom.com\/en\/produkt\/kalendarz-butterflies-2024\/#breadcrumb"},"inLanguage":"en-US","potentialAction":[{"@type":"ReadAction","target":["https:\/\/mothersqueendom.com\/en\/produkt\/kalendarz-butterflies-2024\/"]}]},{"@type":"ImageObject","inLanguage":"en-US","@id":"https:\/\/mothersqueendom.com\/en\/produkt\/kalendarz-butterflies-2024\/#primaryimage","url":"https:\/\/mothersqueendom.com\/wp-content\/uploads\/2022\/11\/kalendarz-butterflies-2023.jpg","contentUrl":"https:\/\/mothersqueendom.com\/wp-content\/uploads\/2022\/11\/kalendarz-butterflies-2023.jpg","width":1988,"height":1280,"caption":"kalendarz-butterflies-2023"},{"@type":"BreadcrumbList","@id":"https:\/\/mothersqueendom.com\/en\/produkt\/kalendarz-butterflies-2024\/#breadcrumb","itemListElement":[{"@type":"ListItem","position":1,"name":"Strona g\u0142\u00f3wna","item":"https:\/\/mothersqueendom.com\/en\/home\/"},{"@type":"ListItem","position":2,"name":"Sklep","item":"https:\/\/mothersqueendom.com\/sklep\/"},{"@type":"ListItem","position":3,"name":"Kalendarz Butterflies 2024 by Andrzej Opoka"}]},{"@type":"WebSite","@id":"https:\/\/mothersqueendom.com\/en\/#website","url":"https:\/\/mothersqueendom.com\/en\/","name":"Mother&#039;s Queendom","description":"We all create our queendom. You are welcomed to my...","potentialAction":[{"@type":"SearchAction","target":{"@type":"EntryPoint","urlTemplate":"https:\/\/mothersqueendom.com\/en\/?s={search_term_string}"},"query-input":{"@type":"PropertyValueSpecification","valueRequired":true,"valueName":"search_term_string"}}],"inLanguage":"en-US"}]}},"_links":{"self":[{"href":"https:\/\/mothersqueendom.com\/en\/wp-json\/wp\/v2\/product\/1802","targetHints":{"allow":["GET"]}}],"collection":[{"href":"https:\/\/mothersqueendom.com\/en\/wp-json\/wp\/v2\/product"}],"about":[{"href":"https:\/\/mothersqueendom.com\/en\/wp-json\/wp\/v2\/types\/product"}],"replies":[{"embeddable":true,"href":"https:\/\/mothersqueendom.com\/en\/wp-json\/wp\/v2\/comments?post=1802"}],"wp:featuredmedia":[{"embeddable":true,"href":"https:\/\/mothersqueendom.com\/en\/wp-json\/wp\/v2\/media\/1803"}],"wp:attachment":[{"href":"https:\/\/mothersqueendom.com\/en\/wp-json\/wp\/v2\/media?parent=1802"}],"wp:term":[{"taxonomy":"product_brand","embeddable":true,"href":"https:\/\/mothersqueendom.com\/en\/wp-json\/wp\/v2\/product_brand?post=1802"},{"taxonomy":"product_cat","embeddable":true,"href":"https:\/\/mothersqueendom.com\/en\/wp-json\/wp\/v2\/product_cat?post=1802"},{"taxonomy":"product_tag","embeddable":true,"href":"https:\/\/mothersqueendom.com\/en\/wp-json\/wp\/v2\/product_tag?post=1802"}],"curies":[{"name":"wp","href":"https:\/\/api.w.org\/{rel}","templated":true}]}}